 {"id":2546,"date":"2021-07-06T14:20:44","date_gmt":"2021-07-06T12:20:44","guid":{"rendered":"https:\/\/kalyana.yoga\/feedback\/"},"modified":"2024-08-27T17:47:12","modified_gmt":"2024-08-27T15:47:12","slug":"feedback","status":"publish","type":"page","link":"https:\/\/kalyana.yoga\/nl\/feedback\/","title":{"rendered":"Feedback"},"content":{"rendered":"\n<div class=\"wp-block-columns is-layout-flex wp-container-core-columns-is-layout-d0b3c9c8 wp-block-columns-is-layout-flex\">\n<div class=\"wp-block-column is-layout-flow wp-block-column-is-layout-flow\">\n<div class=\"wp-block-group\"><div class=\"wp-block-group__inner-container is-layout-flow wp-block-group-is-layout-flow\">\n<p><\/p>\n\n\n\n<div class=\"alignfull wp-block-ugb-container ugb-container ugb-cdbaada ugb-container--v2 ugb-container--design-plain ugb-main-block ugb-main-block--inner-center ugb--has-block-background ugb--has-background-overlay ugb--has-bottom-separator\"><style>.ugb-cdbaada .ugb-inner-block{text-align:center}.ugb-cdbaada.ugb-container{background-color:#f9e9f8}.ugb-cdbaada.ugb-container:before{background-image:linear-gradient(90deg,#f9e9f8 0%,#c5ede8 100%)}@media screen and (min-width:768px){.ugb-cdbaada.ugb-container{margin-bottom:0px !important}}<\/style><div class=\"ugb-bottom-separator\"><div class=\"ugb-separator-wrapper\"><svg xmlns=\"http:\/\/www.w3.org\/2000\/svg\" viewBox=\"0 0 1600 200\" filter=\"url(#wave-3-shadow_svg__a)\" enable-background=\"new 0 0 1600 200\" class=\"ugb-separator__shadow\" preserveAspectRatio=\"none\" aria-hidden=\"true\"><filter id=\"wave-3-shadow_svg__a\"><feGaussianBlur in=\"SourceAlpha\" stdDeviation=\"4\"><\/feGaussianBlur><feComponentTransfer><feFuncA type=\"linear\" slope=\"0.4\"><\/feFuncA><\/feComponentTransfer><feMerge><feMergeNode><\/feMergeNode><feMergeNode in=\"SourceGraphic\"><\/feMergeNode><\/feMerge><\/filter><path class=\"wave-3-shadow_svg__st2\" d=\"M1413.6 161.4c-157.9 0-338.2-37.7-495.1-67.4-215.6-40.8-328.1-44.6-418.2-41.1S317 73.4 188.5 102-10 136.2-10 136.2v10s69.9-5.7 198.5-34.3 221.7-45.7 311.8-49.1 202.6.3 418.2 41.1c156.9 29.7 337.2 67.4 495.1 67.4 127.6 0 196.4-19.4 196.4-19.4v-10s-68.8 19.5-196.4 19.5z\"><\/path><\/svg><svg xmlns=\"http:\/\/www.w3.org\/2000\/svg\" viewBox=\"0 0 1600 200\" class=\"ugb-separator__layer-1\" preserveAspectRatio=\"none\" aria-hidden=\"true\"><path class=\"wave-3_svg__st2\" d=\"M1413.6 161.4c-157.9 0-338.2-37.7-495.1-67.4-215.6-40.8-328.1-44.6-418.2-41.1S317 73.4 188.4 102-10 136.2-10 136.2v74.2h1620v-68.5s-68.8 19.5-196.4 19.5z\"><\/path><\/svg><\/div><\/div><div class=\"ugb-inner-block ugb-inner-block--center\"><div class=\"ugb-block-content\"><div class=\"ugb-container__wrapper ugb-cdbaada-wrapper\"><div class=\"ugb-container__side\"><div class=\"ugb-container__content-wrapper ugb-cdbaada-content-wrapper\">\n<blockquote class=\"wp-block-quote is-layout-flow wp-block-quote-is-layout-flow\">\n<p>Hallo Silvia,<\/p>\n\n\n\n<p>Ich m\u00f6chte mich f\u00fcr alles bedanken! Dein Yoga-Unterricht als auch deine Meditationen waren f\u00fcr mich absolut atemberaubend und perfekt! Deine Art und Weise ist mit nichts zu vergleichen. <\/p>\n\n\n\n<p>Es hat mich sehr viel weitergebracht und ich habe jeden einzelnen Tag unglaublich genossen! Ich bin froh, dass ich dich als Lehrerin erleben durfte und aus allem so viel mitnehmen konnte. Danke f\u00fcr alles.<\/p>\n\n\n\n<p> Danke danke danke !<\/p>\n<cite>Lea, Mai 2024 auf Bali<\/cite><\/blockquote>\n<\/div><\/div><\/div><\/div><\/div><\/div>\n\n\n\n<div class=\"alignfull wp-block-ugb-container ugb-container ugb-e7e579f ugb-container--v2 ugb-container--design-plain ugb-main-block ugb-main-block--inner-center ugb--has-block-background ugb--has-background-overlay ugb--has-bottom-separator\"><style>.ugb-e7e579f .ugb-inner-block{text-align:center}.ugb-e7e579f.ugb-container{background-color:#f9e9f8}.ugb-e7e579f.ugb-container:before{background-image:linear-gradient(90deg,#f9e9f8 0%,#c5ede8 100%)}@media screen and (min-width:768px){.ugb-e7e579f.ugb-container{margin-bottom:0px !important}}<\/style><div class=\"ugb-bottom-separator\"><div class=\"ugb-separator-wrapper\"><svg xmlns=\"http:\/\/www.w3.org\/2000\/svg\" viewBox=\"0 0 1600 200\" filter=\"url(#wave-3-shadow_svg__a)\" enable-background=\"new 0 0 1600 200\" class=\"ugb-separator__shadow\" preserveAspectRatio=\"none\" aria-hidden=\"true\"><filter id=\"wave-3-shadow_svg__a\"><feGaussianBlur in=\"SourceAlpha\" stdDeviation=\"4\"><\/feGaussianBlur><feComponentTransfer><feFuncA type=\"linear\" slope=\"0.4\"><\/feFuncA><\/feComponentTransfer><feMerge><feMergeNode><\/feMergeNode><feMergeNode in=\"SourceGraphic\"><\/feMergeNode><\/feMerge><\/filter><path class=\"wave-3-shadow_svg__st2\" d=\"M1413.6 161.4c-157.9 0-338.2-37.7-495.1-67.4-215.6-40.8-328.1-44.6-418.2-41.1S317 73.4 188.5 102-10 136.2-10 136.2v10s69.9-5.7 198.5-34.3 221.7-45.7 311.8-49.1 202.6.3 418.2 41.1c156.9 29.7 337.2 67.4 495.1 67.4 127.6 0 196.4-19.4 196.4-19.4v-10s-68.8 19.5-196.4 19.5z\"><\/path><\/svg><svg xmlns=\"http:\/\/www.w3.org\/2000\/svg\" viewBox=\"0 0 1600 200\" class=\"ugb-separator__layer-1\" preserveAspectRatio=\"none\" aria-hidden=\"true\"><path class=\"wave-3_svg__st2\" d=\"M1413.6 161.4c-157.9 0-338.2-37.7-495.1-67.4-215.6-40.8-328.1-44.6-418.2-41.1S317 73.4 188.4 102-10 136.2-10 136.2v74.2h1620v-68.5s-68.8 19.5-196.4 19.5z\"><\/path><\/svg><\/div><\/div><div class=\"ugb-inner-block ugb-inner-block--center\"><div class=\"ugb-block-content\"><div class=\"ugb-container__wrapper ugb-e7e579f-wrapper\"><div class=\"ugb-container__side\"><div class=\"ugb-container__content-wrapper ugb-e7e579f-content-wrapper\">\n<blockquote class=\"wp-block-quote is-layout-flow wp-block-quote-is-layout-flow\">\n<p>Liebe Silvia,<br\/>nochmals vielen Dank f\u00fcr den hervorragenden Einf\u00fchrungskurs. Bereits im Einf\u00fchrungsgespr\u00e4ch war deine fachliche und pers\u00f6nliche Kompetenz in jeder Hinsicht sp\u00fcrbar. <\/p>\n\n\n\n<p>Schon nach kurzer Zeit konnte ich mich mental, voll umf\u00e4nglich auf den Kurs und die Inhalte einlassen. Deine freundliche und sympathische Art und das Eingehen auf meine individuellen F\u00e4higkeiten taten ein \u00dcbriges. <\/p>\n\n\n\n<p>Ich f\u00fchlte mich rundum wohl. Die einzelnen \u00dcbungen mit den dazugeh\u00f6rigen Informationen lie\u00dfen die Zeit wie im Flug vergehen. Dein Kurs und auch das nachtr\u00e4glich \u00fcbersandte Begleitmaterial hat mich in jeder Hinsicht voll \u00fcberzeugt. Du bist eine tolle Lehrerin.<\/p>\n<cite>Frank aus Biberach, April 2024<\/cite><\/blockquote>\n<\/div><\/div><\/div><\/div><\/div><\/div>\n\n\n\n<div class=\"alignfull wp-block-ugb-container ugb-container ugb-26022e1 ugb-container--v2 ugb-container--design-plain ugb-main-block ugb-main-block--inner-center ugb--has-block-background ugb--has-background-overlay ugb--has-bottom-separator\"><style>.ugb-26022e1 .ugb-inner-block{text-align:center}.ugb-26022e1.ugb-container{background-color:#f9e9f8}.ugb-26022e1.ugb-container:before{background-image:linear-gradient(90deg,#f9e9f8 0%,#c5ede8 100%)}@media screen and (min-width:768px){.ugb-26022e1.ugb-container{margin-bottom:0px !important}}<\/style><div class=\"ugb-bottom-separator\"><div class=\"ugb-separator-wrapper\"><svg xmlns=\"http:\/\/www.w3.org\/2000\/svg\" viewBox=\"0 0 1600 200\" filter=\"url(#wave-3-shadow_svg__a)\" enable-background=\"new 0 0 1600 200\" class=\"ugb-separator__shadow\" preserveAspectRatio=\"none\" aria-hidden=\"true\"><filter id=\"wave-3-shadow_svg__a\"><feGaussianBlur in=\"SourceAlpha\" stdDeviation=\"4\"><\/feGaussianBlur><feComponentTransfer><feFuncA type=\"linear\" slope=\"0.4\"><\/feFuncA><\/feComponentTransfer><feMerge><feMergeNode><\/feMergeNode><feMergeNode in=\"SourceGraphic\"><\/feMergeNode><\/feMerge><\/filter><path class=\"wave-3-shadow_svg__st2\" d=\"M1413.6 161.4c-157.9 0-338.2-37.7-495.1-67.4-215.6-40.8-328.1-44.6-418.2-41.1S317 73.4 188.5 102-10 136.2-10 136.2v10s69.9-5.7 198.5-34.3 221.7-45.7 311.8-49.1 202.6.3 418.2 41.1c156.9 29.7 337.2 67.4 495.1 67.4 127.6 0 196.4-19.4 196.4-19.4v-10s-68.8 19.5-196.4 19.5z\"><\/path><\/svg><svg xmlns=\"http:\/\/www.w3.org\/2000\/svg\" viewBox=\"0 0 1600 200\" class=\"ugb-separator__layer-1\" preserveAspectRatio=\"none\" aria-hidden=\"true\"><path class=\"wave-3_svg__st2\" d=\"M1413.6 161.4c-157.9 0-338.2-37.7-495.1-67.4-215.6-40.8-328.1-44.6-418.2-41.1S317 73.4 188.4 102-10 136.2-10 136.2v74.2h1620v-68.5s-68.8 19.5-196.4 19.5z\"><\/path><\/svg><\/div><\/div><div class=\"ugb-inner-block ugb-inner-block--center\"><div class=\"ugb-block-content\"><div class=\"ugb-container__wrapper ugb-26022e1-wrapper\"><div class=\"ugb-container__side\"><div class=\"ugb-container__content-wrapper ugb-26022e1-content-wrapper\">\n<blockquote class=\"wp-block-quote is-layout-flow wp-block-quote-is-layout-flow\">\n<p>&#8220;Silvia liet me zien dat ik yoga zelfs met fysieke beperkingen kan doen. Lichaam en geest profiteren er enorm van. Het perfect op mijn behoefte afgestemde programma, waartoe ik altijd toegang heb via mijn persoonlijke audio sequentie, stelt me in staat yoga te beoefenen wanneer ik tijd en zin heb. <\/p>\n\n\n\n<p>Ik hou echt van Silvia&#8217;s rustige en attente manier. Het gebruik van de therapie klankschalen helpt me dieper te ontspannen en mijn spieren intensiever te rekken. Opmerkelijk is dat spierkrampen na korte tijd verdwijnen als de klankschaal direct op het lichaamsdeel wordt toegepast. Ik ben blij dat ik Silvia heb leren kennen.&#8221; <\/p>\n<cite>Renate (gepensioneerd) uit D-Keulen S\u00fcrth, december 2022<\/cite><\/blockquote>\n<\/div><\/div><\/div><\/div><\/div><\/div>\n\n\n\n<div class=\"alignfull wp-block-ugb-container ugb-container ugb-47f1cf9 ugb-container--v2 ugb-container--design-plain ugb-main-block ugb-main-block--inner-center ugb--has-block-background ugb--has-background-overlay ugb--has-bottom-separator\"><style>.ugb-47f1cf9 .ugb-inner-block{text-align:center}.ugb-47f1cf9.ugb-container{background-color:#f9e9f8}.ugb-47f1cf9.ugb-container:before{background-image:linear-gradient(90deg,#f9e9f8 0%,#c5ede8 100%)}@media screen and (min-width:768px){.ugb-47f1cf9.ugb-container{margin-bottom:0px !important}}<\/style><div class=\"ugb-bottom-separator\"><div class=\"ugb-separator-wrapper\"><svg xmlns=\"http:\/\/www.w3.org\/2000\/svg\" viewBox=\"0 0 1600 200\" filter=\"url(#wave-3-shadow_svg__a)\" enable-background=\"new 0 0 1600 200\" class=\"ugb-separator__shadow\" preserveAspectRatio=\"none\" aria-hidden=\"true\"><filter id=\"wave-3-shadow_svg__a\"><feGaussianBlur in=\"SourceAlpha\" stdDeviation=\"4\"><\/feGaussianBlur><feComponentTransfer><feFuncA type=\"linear\" slope=\"0.4\"><\/feFuncA><\/feComponentTransfer><feMerge><feMergeNode><\/feMergeNode><feMergeNode in=\"SourceGraphic\"><\/feMergeNode><\/feMerge><\/filter><path class=\"wave-3-shadow_svg__st2\" d=\"M1413.6 161.4c-157.9 0-338.2-37.7-495.1-67.4-215.6-40.8-328.1-44.6-418.2-41.1S317 73.4 188.5 102-10 136.2-10 136.2v10s69.9-5.7 198.5-34.3 221.7-45.7 311.8-49.1 202.6.3 418.2 41.1c156.9 29.7 337.2 67.4 495.1 67.4 127.6 0 196.4-19.4 196.4-19.4v-10s-68.8 19.5-196.4 19.5z\"><\/path><\/svg><svg xmlns=\"http:\/\/www.w3.org\/2000\/svg\" viewBox=\"0 0 1600 200\" class=\"ugb-separator__layer-1\" preserveAspectRatio=\"none\" aria-hidden=\"true\"><path class=\"wave-3_svg__st2\" d=\"M1413.6 161.4c-157.9 0-338.2-37.7-495.1-67.4-215.6-40.8-328.1-44.6-418.2-41.1S317 73.4 188.4 102-10 136.2-10 136.2v74.2h1620v-68.5s-68.8 19.5-196.4 19.5z\"><\/path><\/svg><\/div><\/div><div class=\"ugb-inner-block ugb-inner-block--center\"><div class=\"ugb-block-content\"><div class=\"ugb-container__wrapper ugb-47f1cf9-wrapper\"><div class=\"ugb-container__side\"><div class=\"ugb-container__content-wrapper ugb-47f1cf9-content-wrapper\">\n<blockquote class=\"wp-block-quote is-layout-flow wp-block-quote-is-layout-flow\">\n<p>&#8220;Voor het begin van de dag gebruiken we sinds 3 jaar MP3-opnames van speciaal voor mij en mijn vrouw vervaardigde yogalessen. Je hoeft dus morgens niet veel na te denken. Zet de audiospeler aan en laat je door de aangename stem van Silvia en haar klankschalen leiden door jouw asana&#8217;s met individuele instructies. Dit maakt het gemakkelijk om de doelen die je voor jezelf stelt ook daadwerkelijk te bereiken en meer aan yoga te doen.&#8221; <\/p>\n<cite>Falco &amp; Simone aus Essen, November 2022<\/cite><\/blockquote>\n<\/div><\/div><\/div><\/div><\/div><\/div>\n\n\n\n<div class=\"alignfull wp-block-ugb-container ugb-container ugb-ffb9a08 ugb-container--v2 ugb-container--design-plain ugb-main-block ugb-main-block--inner-center ugb--has-block-background ugb--has-background-overlay ugb--has-bottom-separator\"><style>.ugb-ffb9a08 .ugb-inner-block{text-align:center}.ugb-ffb9a08.ugb-container{background-color:#f9e9f8}.ugb-ffb9a08.ugb-container:before{background-image:linear-gradient(90deg,#f9e9f8 0%,#c5ede8 100%)}@media screen and (min-width:768px){.ugb-ffb9a08.ugb-container{margin-bottom:0px !important}}<\/style><div class=\"ugb-bottom-separator\"><div class=\"ugb-separator-wrapper\"><svg xmlns=\"http:\/\/www.w3.org\/2000\/svg\" viewBox=\"0 0 1600 200\" filter=\"url(#wave-3-shadow_svg__a)\" enable-background=\"new 0 0 1600 200\" class=\"ugb-separator__shadow\" preserveAspectRatio=\"none\" aria-hidden=\"true\"><filter id=\"wave-3-shadow_svg__a\"><feGaussianBlur in=\"SourceAlpha\" stdDeviation=\"4\"><\/feGaussianBlur><feComponentTransfer><feFuncA type=\"linear\" slope=\"0.4\"><\/feFuncA><\/feComponentTransfer><feMerge><feMergeNode><\/feMergeNode><feMergeNode in=\"SourceGraphic\"><\/feMergeNode><\/feMerge><\/filter><path class=\"wave-3-shadow_svg__st2\" d=\"M1413.6 161.4c-157.9 0-338.2-37.7-495.1-67.4-215.6-40.8-328.1-44.6-418.2-41.1S317 73.4 188.5 102-10 136.2-10 136.2v10s69.9-5.7 198.5-34.3 221.7-45.7 311.8-49.1 202.6.3 418.2 41.1c156.9 29.7 337.2 67.4 495.1 67.4 127.6 0 196.4-19.4 196.4-19.4v-10s-68.8 19.5-196.4 19.5z\"><\/path><\/svg><svg xmlns=\"http:\/\/www.w3.org\/2000\/svg\" viewBox=\"0 0 1600 200\" class=\"ugb-separator__layer-1\" preserveAspectRatio=\"none\" aria-hidden=\"true\"><path class=\"wave-3_svg__st2\" d=\"M1413.6 161.4c-157.9 0-338.2-37.7-495.1-67.4-215.6-40.8-328.1-44.6-418.2-41.1S317 73.4 188.4 102-10 136.2-10 136.2v74.2h1620v-68.5s-68.8 19.5-196.4 19.5z\"><\/path><\/svg><\/div><\/div><div class=\"ugb-inner-block ugb-inner-block--center\"><div class=\"ugb-block-content\"><div class=\"ugb-container__wrapper ugb-ffb9a08-wrapper\"><div class=\"ugb-container__side\"><div class=\"ugb-container__content-wrapper ugb-ffb9a08-content-wrapper\">\n<blockquote class=\"wp-block-quote is-layout-flow wp-block-quote-is-layout-flow\">\n<p>&#8220;Silvia is een geweldige docente. Ik voel me erg goed verzorgd bij haar. Zij hecht veel belang aan een precieze en aandachtige opbouw van de asana&#8217;s. Ik vind het erg prettig dat Silvia rekening houdt met je fysieke beperkingen en alternatieven biedt. Zeer nuttig is mijn persoonlijke audio-sequentie. Met mijn oefeninstructies kan ik mijn asana&#8217;s op elk moment zonder veel moeite uitvoeren. Ik kan Silvia&#8217;s zachte en aandachtige benadering iedereen aanbevelen.&#8221;<span style=\"color: inherit; font-size: inherit; background-color: initial;\"><\/span><\/p>\n<cite>Marianne uit D-Keulen S\u00fcrth, Juni 2021<\/cite><\/blockquote>\n\n\n\n<p><\/p>\n<\/div><\/div><\/div><\/div><\/div><\/div>\n\n\n\n<div class=\"alignfull wp-block-ugb-container ugb-container ugb-55d545a ugb-container--v2 ugb-container--design-plain ugb-main-block ugb-main-block--inner-center ugb--has-block-background ugb--has-background-overlay ugb--has-bottom-separator\"><style>.ugb-55d545a .ugb-inner-block{text-align:center}.ugb-55d545a.ugb-container{background-color:#f9e9f8}.ugb-55d545a.ugb-container:before{background-image:linear-gradient(90deg,#f9e9f8 0%,#c5ede8 100%)}@media screen and (min-width:768px){.ugb-55d545a.ugb-container{margin-bottom:0px !important}}<\/style><div class=\"ugb-bottom-separator\"><div class=\"ugb-separator-wrapper\"><svg xmlns=\"http:\/\/www.w3.org\/2000\/svg\" viewBox=\"0 0 1600 200\" filter=\"url(#wave-3-shadow_svg__a)\" enable-background=\"new 0 0 1600 200\" class=\"ugb-separator__shadow\" preserveAspectRatio=\"none\" aria-hidden=\"true\"><filter id=\"wave-3-shadow_svg__a\"><feGaussianBlur in=\"SourceAlpha\" stdDeviation=\"4\"><\/feGaussianBlur><feComponentTransfer><feFuncA type=\"linear\" slope=\"0.4\"><\/feFuncA><\/feComponentTransfer><feMerge><feMergeNode><\/feMergeNode><feMergeNode in=\"SourceGraphic\"><\/feMergeNode><\/feMerge><\/filter><path class=\"wave-3-shadow_svg__st2\" d=\"M1413.6 161.4c-157.9 0-338.2-37.7-495.1-67.4-215.6-40.8-328.1-44.6-418.2-41.1S317 73.4 188.5 102-10 136.2-10 136.2v10s69.9-5.7 198.5-34.3 221.7-45.7 311.8-49.1 202.6.3 418.2 41.1c156.9 29.7 337.2 67.4 495.1 67.4 127.6 0 196.4-19.4 196.4-19.4v-10s-68.8 19.5-196.4 19.5z\"><\/path><\/svg><svg xmlns=\"http:\/\/www.w3.org\/2000\/svg\" viewBox=\"0 0 1600 200\" class=\"ugb-separator__layer-1\" preserveAspectRatio=\"none\" aria-hidden=\"true\"><path class=\"wave-3_svg__st2\" d=\"M1413.6 161.4c-157.9 0-338.2-37.7-495.1-67.4-215.6-40.8-328.1-44.6-418.2-41.1S317 73.4 188.4 102-10 136.2-10 136.2v74.2h1620v-68.5s-68.8 19.5-196.4 19.5z\"><\/path><\/svg><\/div><\/div><div class=\"ugb-inner-block ugb-inner-block--center\"><div class=\"ugb-block-content\"><div class=\"ugb-container__wrapper ugb-55d545a-wrapper\"><div class=\"ugb-container__side\"><div class=\"ugb-container__content-wrapper ugb-55d545a-content-wrapper\">\n<blockquote class=\"wp-block-quote is-layout-flow wp-block-quote-is-layout-flow\">\n<p>&#8220;Ik volg sinds 3 maanden yogalessen, waar ik erg van geniet. Silvia is zeer empathisch en onderwijst met hart en ziel. Ze kiest de oefeningen volgens persoonlijke behoeften en fysieke mogelijkheden zonder je te overbelasten. Silvia legt de asana&#8217;s uitgebreid uit in theorie en praktijk. <\/p>\n\n\n\n<p>Haar eenvoudige en begrijpelijke schriftelijke instructies met foto&#8217;s zijn zeer nuttig bij het zelf oefenen. Ik kende yoga al en vind Silvia&#8217;s manier van lesgeven in verhouding zeer aantrekkelijk en effectief. Mindfulness en lichaamsbewustzijn staan op de voorgrond en ik voel duidelijk de positieve fysieke en mentale veranderingen. Ik kan Silvia van harte aanbevelen.&#8221;<\/p>\n<cite>Ulla (gepensioneerd) uit D-Keulen S\u00fcrth, april 2021<\/cite><\/blockquote>\n\n\n\n<p><\/p>\n<\/div><\/div><\/div><\/div><\/div><\/div>\n\n\n\n<div class=\"alignfull wp-block-ugb-container ugb-container ugb-6e200c4 ugb-container--v2 ugb-container--design-plain ugb-main-block ugb-main-block--inner-center ugb--has-block-background ugb--has-background-overlay ugb--has-bottom-separator\"><style>.ugb-6e200c4 .ugb-inner-block{text-align:center}.ugb-6e200c4.ugb-container{background-color:#f9e9f8}.ugb-6e200c4.ugb-container:before{background-image:linear-gradient(90deg,#f9e9f8 0%,#c5ede8 100%)}@media screen and (min-width:768px){.ugb-6e200c4.ugb-container{margin-bottom:0px !important}}<\/style><div class=\"ugb-bottom-separator\"><div class=\"ugb-separator-wrapper\"><svg xmlns=\"http:\/\/www.w3.org\/2000\/svg\" viewBox=\"0 0 1600 200\" filter=\"url(#wave-3-shadow_svg__a)\" enable-background=\"new 0 0 1600 200\" class=\"ugb-separator__shadow\" preserveAspectRatio=\"none\" aria-hidden=\"true\"><filter id=\"wave-3-shadow_svg__a\"><feGaussianBlur in=\"SourceAlpha\" stdDeviation=\"4\"><\/feGaussianBlur><feComponentTransfer><feFuncA type=\"linear\" slope=\"0.4\"><\/feFuncA><\/feComponentTransfer><feMerge><feMergeNode><\/feMergeNode><feMergeNode in=\"SourceGraphic\"><\/feMergeNode><\/feMerge><\/filter><path class=\"wave-3-shadow_svg__st2\" d=\"M1413.6 161.4c-157.9 0-338.2-37.7-495.1-67.4-215.6-40.8-328.1-44.6-418.2-41.1S317 73.4 188.5 102-10 136.2-10 136.2v10s69.9-5.7 198.5-34.3 221.7-45.7 311.8-49.1 202.6.3 418.2 41.1c156.9 29.7 337.2 67.4 495.1 67.4 127.6 0 196.4-19.4 196.4-19.4v-10s-68.8 19.5-196.4 19.5z\"><\/path><\/svg><svg xmlns=\"http:\/\/www.w3.org\/2000\/svg\" viewBox=\"0 0 1600 200\" class=\"ugb-separator__layer-1\" preserveAspectRatio=\"none\" aria-hidden=\"true\"><path class=\"wave-3_svg__st2\" d=\"M1413.6 161.4c-157.9 0-338.2-37.7-495.1-67.4-215.6-40.8-328.1-44.6-418.2-41.1S317 73.4 188.4 102-10 136.2-10 136.2v74.2h1620v-68.5s-68.8 19.5-196.4 19.5z\"><\/path><\/svg><\/div><\/div><div class=\"ugb-inner-block ugb-inner-block--center\"><div class=\"ugb-block-content\"><div class=\"ugb-container__wrapper ugb-6e200c4-wrapper\"><div class=\"ugb-container__side\"><div class=\"ugb-container__content-wrapper ugb-6e200c4-content-wrapper\">\n<blockquote class=\"wp-block-quote is-layout-flow wp-block-quote-is-layout-flow\">\n<p>&#8220;Tijdens de zomerweek 2017 op het &#8220;Zentrum Savita&#8221; in Winterberg heb ik elke dag de yogalessen van Silvia gevolgd. Ik was zo enthousiast over haar manier van yoga leren dat ik haar inhuurde als yogacoach voor mijn vastenkuur. Silvia onderwijst met veel hart en is zeer gemotiveerd en haar positieve uitstraling werkt aanstekelijk. Voor de Nederlandse vastendeelnemers vormde het yoga-programma de perfecte aanvulling op hun fysieke en mentale ontgifting. Ik werk graag met Silvia samen.&#8221;<span style=\"color: inherit; font-size: inherit; background-color: initial;\"> <\/span><\/p>\n<cite>Silke, huisarts uit Nederland, februari 2021<\/cite><\/blockquote>\n\n\n\n<p><\/p>\n<\/div><\/div><\/div><\/div><\/div><\/div>\n\n\n\n<div class=\"alignfull wp-block-ugb-container ugb-container ugb-db0f9fa ugb-container--v2 ugb-container--design-plain ugb-main-block ugb-main-block--inner-center ugb--has-block-background ugb--has-background-overlay ugb--has-bottom-separator\"><style>.ugb-db0f9fa .ugb-inner-block{text-align:center}.ugb-db0f9fa.ugb-container{background-color:#f9e9f8}.ugb-db0f9fa.ugb-container:before{background-image:linear-gradient(90deg,#f9e9f8 0%,#c5ede8 100%)}@media screen and (min-width:768px){.ugb-db0f9fa.ugb-container{margin-bottom:0px !important}}<\/style><div class=\"ugb-bottom-separator\"><div class=\"ugb-separator-wrapper\"><svg xmlns=\"http:\/\/www.w3.org\/2000\/svg\" viewBox=\"0 0 1600 200\" filter=\"url(#wave-3-shadow_svg__a)\" enable-background=\"new 0 0 1600 200\" class=\"ugb-separator__shadow\" preserveAspectRatio=\"none\" aria-hidden=\"true\"><filter id=\"wave-3-shadow_svg__a\"><feGaussianBlur in=\"SourceAlpha\" stdDeviation=\"4\"><\/feGaussianBlur><feComponentTransfer><feFuncA type=\"linear\" slope=\"0.4\"><\/feFuncA><\/feComponentTransfer><feMerge><feMergeNode><\/feMergeNode><feMergeNode in=\"SourceGraphic\"><\/feMergeNode><\/feMerge><\/filter><path class=\"wave-3-shadow_svg__st2\" d=\"M1413.6 161.4c-157.9 0-338.2-37.7-495.1-67.4-215.6-40.8-328.1-44.6-418.2-41.1S317 73.4 188.5 102-10 136.2-10 136.2v10s69.9-5.7 198.5-34.3 221.7-45.7 311.8-49.1 202.6.3 418.2 41.1c156.9 29.7 337.2 67.4 495.1 67.4 127.6 0 196.4-19.4 196.4-19.4v-10s-68.8 19.5-196.4 19.5z\"><\/path><\/svg><svg xmlns=\"http:\/\/www.w3.org\/2000\/svg\" viewBox=\"0 0 1600 200\" class=\"ugb-separator__layer-1\" preserveAspectRatio=\"none\" aria-hidden=\"true\"><path class=\"wave-3_svg__st2\" d=\"M1413.6 161.4c-157.9 0-338.2-37.7-495.1-67.4-215.6-40.8-328.1-44.6-418.2-41.1S317 73.4 188.4 102-10 136.2-10 136.2v74.2h1620v-68.5s-68.8 19.5-196.4 19.5z\"><\/path><\/svg><\/div><\/div><div class=\"ugb-inner-block ugb-inner-block--center\"><div class=\"ugb-block-content\"><div class=\"ugb-container__wrapper ugb-db0f9fa-wrapper\"><div class=\"ugb-container__side\"><div class=\"ugb-container__content-wrapper ugb-db0f9fa-content-wrapper\">\n<blockquote class=\"wp-block-quote is-layout-flow wp-block-quote-is-layout-flow\">\n<p>&#8220;Ik heb Silvias yogalessen gedurende de zomerweek 2017 op het centrum Savita in Winterberg gevolgd. Als dankbare leerling ben ik heel blij met deze mooie ervaring. Silvia is een heel goede docent met rust, geduld en aandacht. Zij geeft mooie instructies en adequate aanwijzingen met waardevolle pauzes tussen de asanas. Bovendien heeft zij een prettige stem.&#8221;<\/p>\n\n\n\n<p><br\/>&#8220;Tijdens de zomerweek van 2017 in het &#8220;Zentrum Savita&#8221; Winterberg volgde ik elke dag Silvia&#8217;s yogalessen. Ich ben dankbaar und heel gelukkig over deze mooie ervaring. Silvia is een zeer goede lerares met kalmte, geduld en aandacht. Zij geeft duidelijke en adequate instructies met waardevolle pauzes tussen de oefeningen. Bovendien heeft zij ook een heel prettige stem.<\/p>\n<cite>Marianne, Qi Gong docente uit Amsterdam, januari 2021<\/cite><\/blockquote>\n\n\n\n<p><\/p>\n<\/div><\/div><\/div><\/div><\/div><\/div>\n<\/div><\/div>\n\n\n\n<div class=\"wp-block-group\"><div class=\"wp-block-group__inner-container is-layout-flow wp-block-group-is-layout-flow\"><\/div><\/div>\n<\/div>\n<\/div>\n\n<p><\/p>\n","protected":false},"excerpt":{"rendered":"<p>Hallo Silvia, Ich m\u00f6chte mich f\u00fcr alles bedanken! Dein Yoga-Unterricht als auch deine Meditationen waren f\u00fcr mich absolut atemberaubend und perfekt! Deine Art und Weise ist mit nichts zu vergleichen. Es hat mich sehr viel weitergebracht und ich habe jeden einzelnen Tag unglaublich genossen! Ich bin froh, dass ich dich als Lehrerin erleben durfte und&hellip;<\/p>\n","protected":false},"author":2,"featured_media":0,"parent":0,"menu_order":0,"comment_status":"closed","ping_status":"closed","template":"","meta":{"footnotes":""},"class_list":["post-2546","page","type-page","status-publish","hentry"],"featured_image_urls_v2":{"full":"","thumbnail":"","medium":"","medium_large":"","large":"","1536x1536":"","2048x2048":"","post-thumbnail":"","twentytwenty-fullscreen":""},"post_excerpt_stackable_v2":"<p>Hallo Silvia, Ich m\u00f6chte mich f\u00fcr alles bedanken! Dein Yoga-Unterricht als auch deine Meditationen waren f\u00fcr mich absolut atemberaubend und perfekt! Deine Art und Weise ist mit nichts zu vergleichen. Es hat mich sehr viel weitergebracht und ich habe jeden einzelnen Tag unglaublich genossen! Ich bin froh, dass ich dich als Lehrerin erleben durfte und aus allem so viel mitnehmen konnte. Danke f\u00fcr alles. Danke danke danke ! Lea, Mai 2024 auf Bali Liebe Silvia,nochmals vielen Dank f\u00fcr den hervorragenden Einf\u00fchrungskurs. Bereits im Einf\u00fchrungsgespr\u00e4ch war deine fachliche und pers\u00f6nliche Kompetenz in jeder Hinsicht sp\u00fcrbar. Schon nach kurzer Zeit konnte ich&hellip;<\/p>\n","category_list_v2":"","author_info_v2":{"name":"Silvia Seesing","url":"https:\/\/kalyana.yoga\/nl\/author\/silvia\/"},"comments_num_v2":"0 reacties","_links":{"self":[{"href":"https:\/\/kalyana.yoga\/nl\/wp-json\/wp\/v2\/pages\/2546","targetHints":{"allow":["GET"]}}],"collection":[{"href":"https:\/\/kalyana.yoga\/nl\/wp-json\/wp\/v2\/pages"}],"about":[{"href":"https:\/\/kalyana.yoga\/nl\/wp-json\/wp\/v2\/types\/page"}],"author":[{"embeddable":true,"href":"https:\/\/kalyana.yoga\/nl\/wp-json\/wp\/v2\/users\/2"}],"replies":[{"embeddable":true,"href":"https:\/\/kalyana.yoga\/nl\/wp-json\/wp\/v2\/comments?post=2546"}],"version-history":[{"count":1,"href":"https:\/\/kalyana.yoga\/nl\/wp-json\/wp\/v2\/pages\/2546\/revisions"}],"predecessor-version":[{"id":2547,"href":"https:\/\/kalyana.yoga\/nl\/wp-json\/wp\/v2\/pages\/2546\/revisions\/2547"}],"wp:attachment":[{"href":"https:\/\/kalyana.yoga\/nl\/wp-json\/wp\/v2\/media?parent=2546"}],"curies":[{"name":"wp","href":"https:\/\/api.w.org\/{rel}","templated":true}]}}