 {"id":1949,"date":"2020-11-02T19:49:55","date_gmt":"2020-11-02T18:49:55","guid":{"rendered":"https:\/\/kalyana.yoga\/prijzen\/"},"modified":"2024-06-15T15:21:10","modified_gmt":"2024-06-15T13:21:10","slug":"prijzen","status":"publish","type":"page","link":"https:\/\/kalyana.yoga\/nl\/prijzen\/","title":{"rendered":"Prijzen"},"content":{"rendered":"\n<p><\/p>\n\n<h3 class=\"wp-block-heading\">Personal Yoga Coach <\/h3>\n\n<p>Bij persoonlijke yoga draait alles om u in een \u00e9\u00e9n-op-\u00e9\u00e9n les. <\/p>\n\n<p>Wat zijn uw wensen en doelen?<\/p>\n\n<p>Vooral voor beginners en herintreders is persoonlijke begeleiding bijzonder waardevol om correct en effectief te kunnen oefenen. Op basis van uw behoeften en fysieke specificaties maak ik op verzoek een yoga-sequentie die individueel op u is afgestemd. <\/p>\n\n<p><strong>Een les duurt 60 minuten. <\/strong>Desgewenst kan de duur worden verkort of verlengd. <\/p>\n\n<p>Wanneer ik een persoonlijke yoga-sequentie voor u samenstel, ontvangt u gratis schriftelijke instructies met tekst en afbeeldingen en een live opname van uw yoga-sequentie als audio &amp; video.<\/p>\n\n<p>Ik geef les in het Duits, Engels en Nederlands.<\/p>\n\n<figure class=\"wp-block-table\"><table><tbody><tr><td><strong><span style=\"color: #b761ca;\" class=\"stk-highlight\">Personal Yoga Online<\/span><\/strong> <\/td><td class=\"has-text-align-right\" data-align=\"right\"><span style=\"color: #b761ca;\" class=\"stk-highlight\"><strong>Prijs<\/strong><\/span><\/td><\/tr><tr><td><a href=\"https:\/\/kalyana.yoga\/nl\/contact\/\"><span style=\"color: #6d6d6d;\" class=\"stk-highlight\">Proefles<\/span><\/a><\/td><td class=\"has-text-align-right\" data-align=\"right\">20,- \u20ac<\/td><\/tr><tr><td><strong>Les<\/strong> 1:1<br\/>60 minuten<\/td><td class=\"has-text-align-right\" data-align=\"right\">90,- \u20ac<\/td><\/tr><tr><td><strong>5 lessen<\/strong><br\/>20 % Korting<\/td><td class=\"has-text-align-right\" data-align=\"right\">360,- \u20ac<\/td><\/tr><tr><td><strong>Individuele yogareeks<\/strong> <strong>voor 5 tickets<\/strong><br\/>Live opname als audio &amp; video<\/td><td class=\"has-text-align-right\" data-align=\"right\">gratis<\/td><\/tr><\/tbody><\/table><\/figure>\n\n<p>, U heeft comfortabele kleding, een yogamat en eventueel een deken nodig.<\/p>\n\n<p>Graag onderwijs ik u ook als paar. Toeslag: 20,- \u20ac per lessen.\u200b <\/p>\n\n<p>Boek een <a href=\"https:\/\/kalyana.yoga\/nl\/contact\/\">proefles<\/a>. <\/p>\n\n<h3 class=\"wp-block-heading\">Online cursussen <\/h3>\n\n<figure class=\"wp-block-table\"><table><tbody><tr><td><span style=\"color: #b761ca;\" class=\"stk-highlight\"><strong>Online<\/strong><\/span> <strong><span style=\"color: #b761ca;\" class=\"stk-highlight\">Yoga cursus<\/span><\/strong> <\/td><td class=\"has-text-align-right\" data-align=\"right\"><span style=\"color: #b761ca;\" class=\"stk-highlight\"><strong>Prijs<\/strong><\/span><\/td><\/tr><tr><td><strong>After Work &#8211; Relax Yoga<\/strong><br\/>60 minuten <br\/>donderdag 18:00 &#8211; 19:00 Uhr<\/td><td class=\"has-text-align-right\" data-align=\"right\">15,- \u20ac<\/td><\/tr><tr><td><strong>Full moon<\/strong> en <strong>New moon<\/strong> Yoga<br\/>75 minuten <br\/>elk 18:00 &#8211; 19:15 uur<\/td><td class=\"has-text-align-right\" data-align=\"right\">20,- \u20ac<\/td><\/tr><\/tbody><\/table><\/figure>\n\n<blockquote class=\"wp-block-quote is-layout-flow wp-block-quote-is-layout-flow\">\n<p>Full Moon Yoga Data 2024:<\/p>\n\n\n\n<p>25.1, 24.2, 25.3, 24.4, 23.5, 22.6, 19.8, 17.10, 15.11, 15.12<\/p>\n<\/blockquote>\n\n<blockquote class=\"wp-block-quote is-layout-flow wp-block-quote-is-layout-flow\">\n<p>New Moon Yoga Data 2024:<\/p>\n\n\n\n<p>11.1, 9.2, 10.3, 8.4, 8.5, 6.6, 4.8, 3.9, 2.10, 1.11, 1.12<\/p>\n<\/blockquote>\n\n<p>Als u zich wilt inschrijven, bel of schrijf me dan. Dan zal ik u de precieze procedure uitleggen.<\/p>\n\n<p><a href=\"https:\/\/kalyana.yoga\/nl\/contact\/\"><span style=\"color: #b761ca;\" class=\"stk-highlight\"><strong>Contact<\/strong><\/span><\/a> <\/p>\n\n<h3 class=\"wp-block-heading\">Yoga voor ontgifting<\/h3>\n\n<p>Tijdens uw Detox kuur begeleid ik u graag thuis met speciale yoga oefeningen voor ontgifting, rekening houdend met uw wensen. Op afspraak verzorg ik groepen op locatie in heel Europa. <\/p>\n\n<p>Neem contact met me op voor een <a href=\"https:\/\/kalyana.yoga\/nl\/contact\/\" data-type=\"page\" data-id=\"18\">individueel aanbod<\/a>.<\/p>\n\n<h3 class=\"wp-block-heading\">Sound-massage<\/h3>\n\n<p>De klankmassage vindt plaats in individuele sessies en duurt ongeveer 60 minuten.<\/p>\n\n<p>In een eerste consult informeer ik u over het proces van een sound-massage. U maakt kennis met de verschillende klankschalen en hun effecten. Het eerste consult duurt 30 minuten en kost 20 Euro. De sound-massage kan direct na het eerste consult plaatsvinden of op een later tijdstip. De kosten voor het eerste consult worden in mindering gebracht bij het boeken van een sound-massage.<\/p>\n\n<p>Eerste consult: \u20ac 20 <\/p>\n\n<p>Sound-massage: 90,- \u20ac per enkele sessie \/ 60 minuten<\/p>\n\n<p>Boek een <a href=\"https:\/\/kalyana.yoga\/nl\/contact\/\" data-type=\"page\" data-id=\"18\">eerste consult<\/a>.<\/p>\n\n<h4 class=\"wp-block-heading has-text-align-center\"><strong><span style=\"color: #34aebb;\" class=\"ugb-highlight\">Cadeaubonnen<\/span><\/strong><\/h4>\n\n<p class=\"has-text-align-center\">zijn tegen vooruitbetaling beschikbaar.<\/p>\n\n<div class=\"wp-block-ugb-button ugb-button-wrapper ugb-df2f9c8 ugb-main-block\"><style>.ugb-df2f9c8 .ugb-button1 .ugb-button--inner{color:#2091e1 !important}.ugb-df2f9c8 .ugb-button1{border-color:#2091e1 !important}.ugb-df2f9c8 .ugb-button1:hover{background-color:#2091e1 !important;opacity:1}.ugb-df2f9c8 .ugb-button1:hover .ugb-button--inner{color:#ffffff !important}.ugb-df2f9c8 .ugb-button1:before{content:\"\";background-image:linear-gradient(90deg,#2091e1,#2091e1)}<\/style><div class=\"ugb-inner-block\"><div class=\"ugb-block-content\"><div class=\"ugb-button-container\"><a class=\"ugb-button1 ugb-button ugb-button--size-normal ugb-button--ghost-to-normal-effect ugb-button--design-ghost\" href=\"https:\/\/kalyana.yoga\/nl\/contact\/\" rel=\"\" title=\"\"><span class=\"ugb-button--inner\">Contact<\/span><\/a><\/div><\/div><\/div><\/div>\n","protected":false},"excerpt":{"rendered":"<p>Personal Yoga Coach Bij persoonlijke yoga draait alles om u in een \u00e9\u00e9n-op-\u00e9\u00e9n les. Wat zijn uw wensen en doelen? Vooral voor beginners en herintreders is persoonlijke begeleiding bijzonder waardevol om correct en effectief te kunnen oefenen. Op basis van uw behoeften en fysieke specificaties maak ik op verzoek een yoga-sequentie die individueel op u&hellip;<\/p>\n","protected":false},"author":1,"featured_media":0,"parent":0,"menu_order":0,"comment_status":"closed","ping_status":"closed","template":"tw-no-title.php","meta":{"footnotes":""},"class_list":["post-1949","page","type-page","status-publish","hentry"],"featured_image_urls_v2":{"full":"","thumbnail":"","medium":"","medium_large":"","large":"","1536x1536":"","2048x2048":"","post-thumbnail":"","twentytwenty-fullscreen":""},"post_excerpt_stackable_v2":"<p>Personal Yoga Coach Bij persoonlijke yoga draait alles om u in een \u00e9\u00e9n-op-\u00e9\u00e9n les. Wat zijn uw wensen en doelen? Vooral voor beginners en herintreders is persoonlijke begeleiding bijzonder waardevol om correct en effectief te kunnen oefenen. Op basis van uw behoeften en fysieke specificaties maak ik op verzoek een yoga-sequentie die individueel op u is afgestemd. Een les duurt 60 minuten. Desgewenst kan de duur worden verkort of verlengd. Wanneer ik een persoonlijke yoga-sequentie voor u samenstel, ontvangt u gratis schriftelijke instructies met tekst en afbeeldingen en een live opname van uw yoga-sequentie als audio &amp; video. Ik geef&hellip;<\/p>\n","category_list_v2":"","author_info_v2":{"name":"Datenfalke","url":"https:\/\/kalyana.yoga\/nl\/author\/datenfalke\/"},"comments_num_v2":"0 reacties","_links":{"self":[{"href":"https:\/\/kalyana.yoga\/nl\/wp-json\/wp\/v2\/pages\/1949","targetHints":{"allow":["GET"]}}],"collection":[{"href":"https:\/\/kalyana.yoga\/nl\/wp-json\/wp\/v2\/pages"}],"about":[{"href":"https:\/\/kalyana.yoga\/nl\/wp-json\/wp\/v2\/types\/page"}],"author":[{"embeddable":true,"href":"https:\/\/kalyana.yoga\/nl\/wp-json\/wp\/v2\/users\/1"}],"replies":[{"embeddable":true,"href":"https:\/\/kalyana.yoga\/nl\/wp-json\/wp\/v2\/comments?post=1949"}],"version-history":[{"count":28,"href":"https:\/\/kalyana.yoga\/nl\/wp-json\/wp\/v2\/pages\/1949\/revisions"}],"predecessor-version":[{"id":2166,"href":"https:\/\/kalyana.yoga\/nl\/wp-json\/wp\/v2\/pages\/1949\/revisions\/2166"}],"wp:attachment":[{"href":"https:\/\/kalyana.yoga\/nl\/wp-json\/wp\/v2\/media?parent=1949"}],"curies":[{"name":"wp","href":"https:\/\/api.w.org\/{rel}","templated":true}]}}